{"id":17840,"date":"2024-07-04T09:14:33","date_gmt":"2024-07-04T02:14:33","guid":{"rendered":"https:\/\/beespokesol.com\/?page_id=17840"},"modified":"2024-07-06T09:54:03","modified_gmt":"2024-07-06T02:54:03","slug":"fast-english","status":"publish","type":"page","link":"https:\/\/beespokesol.com\/vi\/games\/fast-english\/","title":{"rendered":"Fast English"},"content":{"rendered":"<div data-elementor-type=\"wp-page\" data-elementor-id=\"17840\" class=\"elementor elementor-17840\">\n\t\t\t\t<div class=\"elementor-element elementor-element-98c225e e-flex e-con-boxed wpr-particle-no wpr-jarallax-no wpr-parallax-no wpr-sticky-section-no e-con e-parent\" data-id=\"98c225e\" data-element_type=\"container\" data-e-type=\"container\">\n\t\t\t\t\t<div class=\"e-con-inner\">\n\t\t\t\t<div class=\"elementor-element elementor-element-dfeb382 elementor-widget__width-initial elementor-widget thim-ekits-heading elementor-widget-thim-heading\" data-id=\"dfeb382\" data-element_type=\"widget\" data-e-type=\"widget\" data-widget_type=\"thim-heading.default\">\n\t\t\t\t<div class=\"elementor-widget-container\">\n\t\t\t\t\t<div class=\"sc_heading\"><h1 class=\"title\">Fast English  <span class=\"thim-color\">Game<\/span><\/h1><div class=\"sub-heading\"><p>Rapid-fire vocabulary practice to boost your English skills<\/p>\n<\/div><\/div>\t\t\t\t<\/div>\n\t\t\t\t<\/div>\n\t\t<div class=\"elementor-element elementor-element-9ac3a11 e-flex e-con-boxed wpr-particle-no wpr-jarallax-no wpr-parallax-no wpr-sticky-section-no e-con e-child\" data-id=\"9ac3a11\" data-element_type=\"container\" data-e-type=\"container\">\n\t\t\t\t\t<div class=\"e-con-inner\">\n\t\t\t\t<div class=\"elementor-element elementor-element-89c40e2 elementor-widget elementor-widget-image\" data-id=\"89c40e2\" data-element_type=\"widget\" data-e-type=\"widget\" data-widget_type=\"image.default\">\n\t\t\t\t<div class=\"elementor-widget-container\">\n\t\t\t\t\t\t\t\t\t\t\t\t\t\t\t<img decoding=\"async\" width=\"82\" height=\"82\" src=\"https:\/\/beespokesol.com\/wp-content\/uploads\/2024\/06\/Level_Icon_Intermediate_s.png\" class=\"attachment-large size-large wp-image-17542\" alt=\"\" \/>\t\t\t\t\t\t\t\t\t\t\t\t\t\t\t<\/div>\n\t\t\t\t<\/div>\n\t\t\t\t<div class=\"elementor-element elementor-element-44e5b80 elementor-widget elementor-widget-image\" data-id=\"44e5b80\" data-element_type=\"widget\" data-e-type=\"widget\" data-widget_type=\"image.default\">\n\t\t\t\t<div class=\"elementor-widget-container\">\n\t\t\t\t\t\t\t\t\t\t\t\t\t\t\t<img decoding=\"async\" width=\"82\" height=\"82\" src=\"https:\/\/beespokesol.com\/wp-content\/uploads\/2024\/06\/Level_Icon_Beginner_s.png\" class=\"attachment-large size-large wp-image-17539\" alt=\"\" \/>\t\t\t\t\t\t\t\t\t\t\t\t\t\t\t<\/div>\n\t\t\t\t<\/div>\n\t\t\t\t\t<\/div>\n\t\t\t\t<\/div>\n\t\t\t\t\t<\/div>\n\t\t\t\t<\/div>\n\t\t<div class=\"elementor-element elementor-element-3e0fd36 e-flex e-con-boxed wpr-particle-no wpr-jarallax-no wpr-parallax-no wpr-sticky-section-no e-con e-parent\" data-id=\"3e0fd36\" data-element_type=\"container\" data-e-type=\"container\">\n\t\t\t\t\t<div class=\"e-con-inner\">\n\t\t\t\t<div class=\"elementor-element elementor-element-3904c6b elementor-widget elementor-widget-shortcode\" data-id=\"3904c6b\" data-element_type=\"widget\" data-e-type=\"widget\" data-widget_type=\"shortcode.default\">\n\t\t\t\t<div class=\"elementor-widget-container\">\n\t\t\t\t\t\t\t<div class=\"elementor-shortcode\">    <style>\n        .game-container {\n            width: 100%;\n            max-width: 800px;\n            margin: 0 auto;\n            position: relative;\n        }\n        .game-iframe {\n            width: 100%;\n            max-width: 100%;\n            height: 550px;\n            overflow: hidden;\n            border: none;\n        }\n        .game-overlay {\n            position: absolute;\n            top: 0;\n            left: 0;\n            right: 0;\n            bottom: 0;\n            background: rgba(0,0,0,0.7);\n            display: flex;\n            align-items: center;\n            justify-content: center;\n        }\n        .overlay-content {\n            text-align: center;\n            color: white;\n            padding: 20px;\n        }\n        .login-indicator-text {\n            font-size: 10px;\n            color: #333;\n            background-color: #f5f5f5;\n            padding: 2px 5px;\n            border-radius: 3px;\n            display: inline-flex;\n            align-items: center;\n            margin-bottom: 2px;\n            margin-left: 28px;\n        }\n        .login-indicator-text-dot {\n            width: 6px;\n            height: 6px;\n            border-radius: 50%;\n            margin-right: 5px;\n            background-color: #FA7070;\n        }\n        .login-indicator-dot {\n            position: absolute;\n            top: -16px;\n            left: 5px;\n            width: 8px;\n            height: 8px;\n            border-radius: 50%;\n            background-color: #FA7070;\n            z-index: 1000;\n        }\n        .login-indicator-lock {\n            position: absolute;\n            top: -16px;\n            left: 5px;\n            font-size: 14px;\n            color: #FA7070;\n            z-index: 1000;\n        }\n        @media (max-width: 768px) {\n            .game-container {\n                max-width: 100%;\n                padding: 0 10px;\n            }\n            .overlay-content {\n                padding: 10px;\n            }\n        }\n    <\/style>\n    <div class=\"game-container\">\n                <div style=\"position: relative;\">\n                        <iframe class=\"game-iframe\"\n                    src='https:\/\/www.gamestolearnenglish.com\/fast-english\/embed.html'\n                    scrolling='no'\n                    title=\"Login required game\"><\/iframe>\n                            <div class=\"game-overlay\">\n                    <div class=\"overlay-content\">\n                        <div class=\"thim-link-login thim-login-popup\">\n                            <a class=\"login js-show-popup\" href=\"https:\/\/beespokesol.com\/vi\/account\/\">Log in to play<\/a>\n                            <p>Not a member yet? <a class=\"register js-show-popup\" href=\"https:\/\/beespokesol.com\/vi\/account\/?action=register\">Create a free account<\/a><\/p>\n                        <\/div>\n                    <\/div>\n                <\/div>\n                    <\/div>\n    <\/div>\n    <\/div>\n\t\t\t\t\t\t<\/div>\n\t\t\t\t<\/div>\n\t\t\t\t\t<\/div>\n\t\t\t\t<\/div>\n\t\t<div class=\"elementor-element elementor-element-10bf4bb e-flex e-con-boxed wpr-particle-no wpr-jarallax-no wpr-parallax-no wpr-sticky-section-no e-con e-parent\" data-id=\"10bf4bb\" data-element_type=\"container\" data-e-type=\"container\">\n\t\t\t\t\t<div class=\"e-con-inner\">\n\t\t\t\t<div class=\"elementor-element elementor-element-c3e6298 elementor-widget elementor-widget-thim-ekits-social-share\" data-id=\"c3e6298\" data-element_type=\"widget\" data-e-type=\"widget\" data-widget_type=\"thim-ekits-social-share.default\">\n\t\t\t\t<div class=\"elementor-widget-container\">\n\t\t\t\t\t\t\t<div class=\"social-swapper social-share-both\">\n\t\t\t\t\t<ul class=\"thim-social-media\">\n\t\t\t\t\t\t\t\t\t\t\t\t<li class=\"elementor-repeater-item-9a9d7f7\">\n\t\t\t\t\t\t<a target=\"_blank\" href=\"https:\/\/www.facebook.com\/sharer.php?u=https%3A%2F%2Fbeespokesol.com%2Fvi%2Fgames%2Ffast-english%2F\"\n\t\t\t\t\t\t   title=\"Facebook\">\n\t\t\t\t\t\t\t\n\t\t\t\t\t\t\t\t<svg aria-hidden=\"true\" class=\"e-font-icon-svg e-fab-facebook-f\" viewbox=\"0 0 320 512\" xmlns=\"http:\/\/www.w3.org\/2000\/svg\"><path d=\"M279.14 288l14.22-92.66h-88.91v-60.13c0-25.35 12.42-50.06 52.24-50.06h40.42V6.26S260.43 0 225.36 0c-73.22 0-121.08 44.38-121.08 124.72v70.62H22.89V288h81.39v224h100.17V288z\"><\/path><\/svg>\n\t\t\t\t\t\t\t\n\t\t\t\t\t\t\t\t\t\t\t\t\t\t\tFacebook\t\t\t\t\t\t\t\n\t\t\t\t\t\t\t\t\t\t\t\t\t<\/a>\n\t\t\t\t\t\t\t\t\t\t\t<\/li>\n\t\t\t\t\t\t\t\t\t\t\t\t\t\t\t\t<li class=\"elementor-repeater-item-cb7b371\">\n\t\t\t\t\t\t<a target=\"_blank\" href=\"https:\/\/twitter.com\/share?url=https%3A%2F%2Fbeespokesol.com%2Fvi%2Fgames%2Ffast-english%2F&#038;text=Fast%20English\"\n\t\t\t\t\t\t   title=\"Twitter\">\n\t\t\t\t\t\t\t\n\t\t\t\t\t\t\t\t<i aria-hidden=\"true\" class=\"fab fa-twitter\"><\/i>\n\t\t\t\t\t\t\t\n\t\t\t\t\t\t\t\t\t\t\t\t\t\t\tTwitter\t\t\t\t\t\t\t\n\t\t\t\t\t\t\t\t\t\t\t\t\t<\/a>\n\t\t\t\t\t\t\t\t\t\t\t<\/li>\n\t\t\t\t\t\t\t\t\t\t\t\t\t\t\t\t<li class=\"elementor-repeater-item-1305b08\">\n\t\t\t\t\t\t<a target=\"_blank\" href=\"https:\/\/www.linkedin.com\/shareArticle?mini=true&#038;url=https%3A%2F%2Fbeespokesol.com%2Fvi%2Fgames%2Ffast-english%2F&#038;title=Fast%20English&#038;summary=&#038;source=Fast%20English%20Game%20Rapid-fire%20vocabulary%20practice%20to%20boost%20your%20English%20skills%20Facebook%20Twitter%20LinkedIn%20Learning%20Objectives%20How%20to%20Play%20Tips%20for%20Success%20%26%23x1f3af%3B%20Expand%20your%20English%20vocabulary%20quickly%20%26%23x1f9e0%3B%20Improve%20word-image%20association%20skills%20%26%23x1f442%3B%20Enhance%20listening%20comprehension%20%26%23x26a1%3B%20Develop%20quick%20%26hellip%3B%20\"\n\t\t\t\t\t\t   title=\"LinkedIn\">\n\t\t\t\t\t\t\t\n\t\t\t\t\t\t\t\t<i aria-hidden=\"true\" class=\"fab fa-linkedin-in\"><\/i>\n\t\t\t\t\t\t\t\n\t\t\t\t\t\t\t\t\t\t\t\t\t\t\tLinkedIn\t\t\t\t\t\t\t\n\t\t\t\t\t\t\t\t\t\t\t\t\t<\/a>\n\t\t\t\t\t\t\t\t\t\t\t<\/li>\n\t\t\t\t\t\t\t\t\t<\/ul>\n\t\t\t\t<\/div>\n\t\t\t\t\t\t<\/div>\n\t\t\t\t<\/div>\n\t\t\t\t\t<\/div>\n\t\t\t\t<\/div>\n\t\t<div class=\"elementor-element elementor-element-7cc7bd2 e-flex e-con-boxed wpr-particle-no wpr-jarallax-no wpr-parallax-no wpr-sticky-section-no e-con e-parent\" data-id=\"7cc7bd2\" data-element_type=\"container\" data-e-type=\"container\">\n\t\t\t\t\t<div class=\"e-con-inner\">\n\t\t\t\t<div class=\"elementor-element elementor-element-d91cd98 e-n-tabs-none elementor-widget elementor-widget-n-tabs\" data-id=\"d91cd98\" data-element_type=\"widget\" data-e-type=\"widget\" data-settings=\"{&quot;tabs_justify_horizontal&quot;:&quot;stretch&quot;,&quot;horizontal_scroll&quot;:&quot;enable&quot;}\" data-widget_type=\"nested-tabs.default\">\n\t\t\t\t<div class=\"elementor-widget-container\">\n\t\t\t\t\t\t\t<div class=\"e-n-tabs\" data-widget-number=\"227659160\" aria-label=\"C\u00e1c tab. M\u1edf m\u1ee5c b\u1eb1ng ph\u00edm Enter ho\u1eb7c Space, \u0111\u00f3ng b\u1eb1ng ph\u00edm Esc v\u00e0 di chuy\u1ec3n b\u1eb1ng c\u00e1c ph\u00edm m\u0169i t\u00ean.\" data-no-translation-aria-label=\"\">\n\t\t\t<div class=\"e-n-tabs-heading\" role=\"tablist\">\n\t\t\t\t\t<button id=\"e-n-tab-title-2276591601\" data-tab-title-id=\"e-n-tab-title-2276591601\" class=\"e-n-tab-title\" aria-selected=\"true\" data-tab-index=\"1\" role=\"tab\" tabindex=\"0\" aria-controls=\"e-n-tab-content-2276591601\" style=\"--n-tabs-title-order: 1;\">\n\t\t\t\t\t<span class=\"e-n-tab-icon\">\n\t\t\t<svg aria-hidden=\"true\" class=\"e-font-icon-svg e-fas-graduation-cap\" viewbox=\"0 0 640 512\" xmlns=\"http:\/\/www.w3.org\/2000\/svg\"><path d=\"M622.34 153.2L343.4 67.5c-15.2-4.67-31.6-4.67-46.79 0L17.66 153.2c-23.54 7.23-23.54 38.36 0 45.59l48.63 14.94c-10.67 13.19-17.23 29.28-17.88 46.9C38.78 266.15 32 276.11 32 288c0 10.78 5.68 19.85 13.86 25.65L20.33 428.53C18.11 438.52 25.71 448 35.94 448h56.11c10.24 0 17.84-9.48 15.62-19.47L82.14 313.65C90.32 307.85 96 298.78 96 288c0-11.57-6.47-21.25-15.66-26.87.76-15.02 8.44-28.3 20.69-36.72L296.6 284.5c9.06 2.78 26.44 6.25 46.79 0l278.95-85.7c23.55-7.24 23.55-38.36 0-45.6zM352.79 315.09c-28.53 8.76-52.84 3.92-65.59 0l-145.02-44.55L128 384c0 35.35 85.96 64 192 64s192-28.65 192-64l-14.18-113.47-145.03 44.56z\"><\/path><\/svg>\t\t\t<svg aria-hidden=\"true\" class=\"e-font-icon-svg e-fas-graduation-cap\" viewbox=\"0 0 640 512\" xmlns=\"http:\/\/www.w3.org\/2000\/svg\"><path d=\"M622.34 153.2L343.4 67.5c-15.2-4.67-31.6-4.67-46.79 0L17.66 153.2c-23.54 7.23-23.54 38.36 0 45.59l48.63 14.94c-10.67 13.19-17.23 29.28-17.88 46.9C38.78 266.15 32 276.11 32 288c0 10.78 5.68 19.85 13.86 25.65L20.33 428.53C18.11 438.52 25.71 448 35.94 448h56.11c10.24 0 17.84-9.48 15.62-19.47L82.14 313.65C90.32 307.85 96 298.78 96 288c0-11.57-6.47-21.25-15.66-26.87.76-15.02 8.44-28.3 20.69-36.72L296.6 284.5c9.06 2.78 26.44 6.25 46.79 0l278.95-85.7c23.55-7.24 23.55-38.36 0-45.6zM352.79 315.09c-28.53 8.76-52.84 3.92-65.59 0l-145.02-44.55L128 384c0 35.35 85.96 64 192 64s192-28.65 192-64l-14.18-113.47-145.03 44.56z\"><\/path><\/svg>\t\t<\/span>\n\t\t\t\t\t<span class=\"e-n-tab-title-text\">\n\t\t\t\tLearning Objectives\t\t\t<\/span>\n\t\t<\/button>\n\t\t\t\t<button id=\"e-n-tab-title-2276591602\" data-tab-title-id=\"e-n-tab-title-2276591602\" class=\"e-n-tab-title\" aria-selected=\"false\" data-tab-index=\"2\" role=\"tab\" tabindex=\"-1\" aria-controls=\"e-n-tab-content-2276591602\" style=\"--n-tabs-title-order: 2;\">\n\t\t\t\t\t<span class=\"e-n-tab-icon\">\n\t\t\t<svg aria-hidden=\"true\" class=\"e-font-icon-svg e-fas-gamepad\" viewbox=\"0 0 640 512\" xmlns=\"http:\/\/www.w3.org\/2000\/svg\"><path d=\"M480.07 96H160a160 160 0 1 0 114.24 272h91.52A160 160 0 1 0 480.07 96zM248 268a12 12 0 0 1-12 12h-52v52a12 12 0 0 1-12 12h-24a12 12 0 0 1-12-12v-52H84a12 12 0 0 1-12-12v-24a12 12 0 0 1 12-12h52v-52a12 12 0 0 1 12-12h24a12 12 0 0 1 12 12v52h52a12 12 0 0 1 12 12zm216 76a40 40 0 1 1 40-40 40 40 0 0 1-40 40zm64-96a40 40 0 1 1 40-40 40 40 0 0 1-40 40z\"><\/path><\/svg>\t\t\t<svg aria-hidden=\"true\" class=\"e-font-icon-svg e-fas-gamepad\" viewbox=\"0 0 640 512\" xmlns=\"http:\/\/www.w3.org\/2000\/svg\"><path d=\"M480.07 96H160a160 160 0 1 0 114.24 272h91.52A160 160 0 1 0 480.07 96zM248 268a12 12 0 0 1-12 12h-52v52a12 12 0 0 1-12 12h-24a12 12 0 0 1-12-12v-52H84a12 12 0 0 1-12-12v-24a12 12 0 0 1 12-12h52v-52a12 12 0 0 1 12-12h24a12 12 0 0 1 12 12v52h52a12 12 0 0 1 12 12zm216 76a40 40 0 1 1 40-40 40 40 0 0 1-40 40zm64-96a40 40 0 1 1 40-40 40 40 0 0 1-40 40z\"><\/path><\/svg>\t\t<\/span>\n\t\t\t\t\t<span class=\"e-n-tab-title-text\">\n\t\t\t\tHow to Play\t\t\t<\/span>\n\t\t<\/button>\n\t\t\t\t<button id=\"e-n-tab-title-2276591603\" data-tab-title-id=\"e-n-tab-title-2276591603\" class=\"e-n-tab-title\" aria-selected=\"false\" data-tab-index=\"3\" role=\"tab\" tabindex=\"-1\" aria-controls=\"e-n-tab-content-2276591603\" style=\"--n-tabs-title-order: 3;\">\n\t\t\t\t\t<span class=\"e-n-tab-icon\">\n\t\t\t<svg aria-hidden=\"true\" class=\"e-font-icon-svg e-fas-lightbulb\" viewbox=\"0 0 352 512\" xmlns=\"http:\/\/www.w3.org\/2000\/svg\"><path d=\"M96.06 454.35c.01 6.29 1.87 12.45 5.36 17.69l17.09 25.69a31.99 31.99 0 0 0 26.64 14.28h61.71a31.99 31.99 0 0 0 26.64-14.28l17.09-25.69a31.989 31.989 0 0 0 5.36-17.69l.04-38.35H96.01l.05 38.35zM0 176c0 44.37 16.45 84.85 43.56 115.78 16.52 18.85 42.36 58.23 52.21 91.45.04.26.07.52.11.78h160.24c.04-.26.07-.51.11-.78 9.85-33.22 35.69-72.6 52.21-91.45C335.55 260.85 352 220.37 352 176 352 78.61 272.91-.3 175.45 0 73.44.31 0 82.97 0 176zm176-80c-44.11 0-80 35.89-80 80 0 8.84-7.16 16-16 16s-16-7.16-16-16c0-61.76 50.24-112 112-112 8.84 0 16 7.16 16 16s-7.16 16-16 16z\"><\/path><\/svg>\t\t\t<svg aria-hidden=\"true\" class=\"e-font-icon-svg e-fas-lightbulb\" viewbox=\"0 0 352 512\" xmlns=\"http:\/\/www.w3.org\/2000\/svg\"><path d=\"M96.06 454.35c.01 6.29 1.87 12.45 5.36 17.69l17.09 25.69a31.99 31.99 0 0 0 26.64 14.28h61.71a31.99 31.99 0 0 0 26.64-14.28l17.09-25.69a31.989 31.989 0 0 0 5.36-17.69l.04-38.35H96.01l.05 38.35zM0 176c0 44.37 16.45 84.85 43.56 115.78 16.52 18.85 42.36 58.23 52.21 91.45.04.26.07.52.11.78h160.24c.04-.26.07-.51.11-.78 9.85-33.22 35.69-72.6 52.21-91.45C335.55 260.85 352 220.37 352 176 352 78.61 272.91-.3 175.45 0 73.44.31 0 82.97 0 176zm176-80c-44.11 0-80 35.89-80 80 0 8.84-7.16 16-16 16s-16-7.16-16-16c0-61.76 50.24-112 112-112 8.84 0 16 7.16 16 16s-7.16 16-16 16z\"><\/path><\/svg>\t\t<\/span>\n\t\t\t\t\t<span class=\"e-n-tab-title-text\">\n\t\t\t\tTips for Success\t\t\t<\/span>\n\t\t<\/button>\n\t\t\t\t\t<\/div>\n\t\t\t<div class=\"e-n-tabs-content\">\n\t\t\t\t<div id=\"e-n-tab-content-2276591601\" role=\"tabpanel\" aria-labelledby=\"e-n-tab-title-2276591601\" data-tab-index=\"1\" style=\"--n-tabs-title-order: 1;\" class=\"e-active elementor-element elementor-element-8976a05 e-con-full e-flex wpr-particle-no wpr-jarallax-no wpr-parallax-no wpr-sticky-section-no e-con e-child\" data-id=\"8976a05\" data-element_type=\"container\" data-e-type=\"container\">\n\t\t\t\t<div class=\"elementor-element elementor-element-1f722c9 elementor-widget elementor-widget-text-editor\" data-id=\"1f722c9\" data-element_type=\"widget\" data-e-type=\"widget\" data-widget_type=\"text-editor.default\">\n\t\t\t\t<div class=\"elementor-widget-container\">\n\t\t\t\t\t\t\t\t\t<p>\ud83c\udfaf Expand your English vocabulary quickly<\/p><p>\ud83e\udde0 Improve word-image association skills<\/p><p>\ud83d\udc42 Enhance listening comprehension<\/p><p>\u26a1 Develop quick thinking and reaction time in English<\/p><p>\ud83d\udd04 Practice recognizing words in various contexts<\/p>\t\t\t\t\t\t\t\t<\/div>\n\t\t\t\t<\/div>\n\t\t\t\t<\/div>\n\t\t<div id=\"e-n-tab-content-2276591602\" role=\"tabpanel\" aria-labelledby=\"e-n-tab-title-2276591602\" data-tab-index=\"2\" style=\"--n-tabs-title-order: 2;\" class=\"elementor-element elementor-element-5aeb599 e-con-full e-flex wpr-particle-no wpr-jarallax-no wpr-parallax-no wpr-sticky-section-no e-con e-child\" data-id=\"5aeb599\" data-element_type=\"container\" data-e-type=\"container\">\n\t\t\t\t<div class=\"elementor-element elementor-element-0bab289 elementor-widget elementor-widget-text-editor\" data-id=\"0bab289\" data-element_type=\"widget\" data-e-type=\"widget\" data-widget_type=\"text-editor.default\">\n\t\t\t\t<div class=\"elementor-widget-container\">\n\t\t\t\t\t\t\t\t\t<ol><li class=\"whitespace-normal break-words\">Listen carefully to the spoken word or read the text.<\/li><li class=\"whitespace-normal break-words\">Look at the set of images displayed on the screen.<\/li><li class=\"whitespace-normal break-words\">Click on the image that matches the word you heard or read.<\/li><li class=\"whitespace-normal break-words\">Act quickly! The game gets faster as you progress.<\/li><li class=\"whitespace-normal break-words\">If you don&#8217;t click fast enough, the game will end.<\/li><li class=\"whitespace-normal break-words\">Try to match as many words as possible to achieve a high score.<\/li><\/ol>\t\t\t\t\t\t\t\t<\/div>\n\t\t\t\t<\/div>\n\t\t\t\t<\/div>\n\t\t<div id=\"e-n-tab-content-2276591603\" role=\"tabpanel\" aria-labelledby=\"e-n-tab-title-2276591603\" data-tab-index=\"3\" style=\"--n-tabs-title-order: 3;\" class=\"elementor-element elementor-element-69cb747 e-con-full e-flex wpr-particle-no wpr-jarallax-no wpr-parallax-no wpr-sticky-section-no e-con e-child\" data-id=\"69cb747\" data-element_type=\"container\" data-e-type=\"container\">\n\t\t\t\t<div class=\"elementor-element elementor-element-6bc1e01 elementor-widget elementor-widget-text-editor\" data-id=\"6bc1e01\" data-element_type=\"widget\" data-e-type=\"widget\" data-widget_type=\"text-editor.default\">\n\t\t\t\t<div class=\"elementor-widget-container\">\n\t\t\t\t\t\t\t\t\t<p>\ud83d\udc40 Scan all images quickly before the word is given<\/p><p>\ud83d\udd0a Focus on the audio and try to visualize the word<\/p><p>\ud83c\udfcb\ufe0f Practice regularly to improve your reaction time<\/p><p>\ud83d\udcda Review unfamiliar words after each game session<\/p><p>\ud83e\uddd8 Stay calm and focused, even as the game speeds up<\/p>\t\t\t\t\t\t\t\t<\/div>\n\t\t\t\t<\/div>\n\t\t\t\t<\/div>\n\t\t\t\t\t<\/div>\n\t\t<\/div>\n\t\t\t\t\t\t<\/div>\n\t\t\t\t<\/div>\n\t\t\t\t\t<\/div>\n\t\t\t\t<\/div>\n\t\t<div class=\"elementor-element elementor-element-363b73e e-flex e-con-boxed wpr-particle-no wpr-jarallax-no wpr-parallax-no wpr-sticky-section-no e-con e-parent\" data-id=\"363b73e\" data-element_type=\"container\" data-e-type=\"container\">\n\t\t\t\t\t<div class=\"e-con-inner\">\n\t\t\t\t<div class=\"elementor-element elementor-element-c621bc5 elementor-widget thim-ekits-heading elementor-widget-thim-heading\" data-id=\"c621bc5\" data-element_type=\"widget\" data-e-type=\"widget\" data-widget_type=\"thim-heading.default\">\n\t\t\t\t<div class=\"elementor-widget-container\">\n\t\t\t\t\t<div class=\"sc_heading\"><h1 class=\"title\">Try Another  <span class=\"thim-color\">Game<\/span><\/h1><div class=\"sub-heading\"><p>Challenge yourself and keep practicing<\/p>\n<\/div><\/div>\t\t\t\t<\/div>\n\t\t\t\t<\/div>\n\t\t\t\t<div class=\"elementor-element elementor-element-747da10 elementor-widget elementor-widget-wpr-flip-carousel\" data-id=\"747da10\" data-element_type=\"widget\" data-e-type=\"widget\" data-widget_type=\"wpr-flip-carousel.default\">\n\t\t\t\t<div class=\"elementor-widget-container\">\n\t\t\t\t\t<div class=\"wpr-flip-carousel-wrapper\"><div class=\"wpr-flip-carousel\" data-settings=\"{&quot;starts_from_center&quot;:&quot;yes&quot;,&quot;carousel_type&quot;:&quot;coverflow&quot;,&quot;loop&quot;:&quot;yes&quot;,&quot;autoplay&quot;:false,&quot;autoplay_milliseconds&quot;:0,&quot;pause_on_hover&quot;:false,&quot;play_on_click&quot;:&quot;yes&quot;,&quot;play_on_scroll&quot;:&quot;&quot;,&quot;pagination_position&quot;:null,&quot;spacing&quot;:-0.6,&quot;button_prev&quot;:&quot;&lt;span class=\\&quot;wpr-flip-carousel-navigation\\&quot;&gt;&lt;i class=\\&quot;fas fa-angle-left\\&quot;&gt;&lt;\\\/i&gt;&lt;\\\/span&gt;&quot;,&quot;button_next&quot;:&quot;&lt;span class=\\&quot;wpr-flip-carousel-navigation\\&quot;&gt;&lt;i class=\\&quot;fas fa-angle-right\\&quot;&gt;&lt;\\\/i&gt;&lt;\\\/span&gt;&quot;,&quot;pagination_bg_color_hover&quot;:null}\"><ul class=\"wpr-flip-items-wrapper\"><li class=\"wpr-flip-item\" data-flip-title=\"\"><figure><a href=\"\/vi\/games\/vocabulary\/\" target=\"_blank\" rel=\"nofollow\"><img decoding=\"async\" alt=\"\" src=\"https:\/\/beespokesol.com\/wp-content\/uploads\/2024\/07\/Game_Cards-_Vocabulary.png\" \/><\/a><\/figure><\/li><li class=\"wpr-flip-item\" data-flip-title=\"\"><figure><a href=\"\/vi\/games\/big-describer\/\" target=\"_blank\" rel=\"nofollow\"><img decoding=\"async\" alt=\"\" src=\"https:\/\/beespokesol.com\/wp-content\/uploads\/2024\/07\/Game_Cards-_Big-Describer.png\" \/><\/a><\/figure><\/li><li class=\"wpr-flip-item\" data-flip-title=\"\"><figure><a href=\"\/vi\/games\/time\/\" target=\"_blank\" rel=\"nofollow\"><img decoding=\"async\" alt=\"\" src=\"https:\/\/beespokesol.com\/wp-content\/uploads\/2024\/07\/Game_Cards-_Time.png\" \/><\/a><\/figure><\/li><\/ul><\/div><\/div>\t\t\t\t<\/div>\n\t\t\t\t<\/div>\n\t\t\t\t<div class=\"elementor-element elementor-element-f2613ee elementor-widget elementor-widget-ucaddon_link_hover_effects\" data-id=\"f2613ee\" data-element_type=\"widget\" data-e-type=\"widget\" data-widget_type=\"ucaddon_link_hover_effects.default\">\n\t\t\t\t<div class=\"elementor-widget-container\">\n\t\t\t\t\t\n<!-- start Link Hover Effects -->\n\t\t<link id='uc_ac_assets_file_uc_creative_link_effects_css_26341-css' href='https:\/\/beespokesol.com\/wp-content\/uploads\/ac_assets\/uc-creative-link-effects\/uc-creative-link-effects.css' type='text\/css' rel='stylesheet' >\n\n<style>\/* widget: Link Hover Effects *\/\n\n#uc_link_hover_effects_elementor_f2613ee.uc-creative-link-effects a{\n    color: #FBC014;\n  \t\n}\n#uc_link_hover_effects_elementor_f2613ee.uc-creative-link-effects a:hover{\n    color: #E6A303;\n}\n\n\n\n\n\n\n\n\n\n\n\n\n\n\n\/*Effect 16*\/\n#uc_link_hover_effects_elementor_f2613ee.uc-creative-link-effects .uc_cl-effect-16 a {\n    color: #FBC014;\n}\n#uc_link_hover_effects_elementor_f2613ee.uc-creative-link-effects .uc_cl-effect-16 a::before {\n    color: #E6A303;\n}\n\n\n\n\n\n<\/style>\n\n<div class=\"uc-creative-link-effects\" id=\"uc_link_hover_effects_elementor_f2613ee\" style=\"text-align: right;\">\n  <div class=\"uc_cl-effect-16\">\n        \t<a href=\"\/vi\/games\/\"  data-hover=\"More Games &gt;\">More Games &gt;<\/a>\n      <\/div>\n<\/div>\n<!-- end Link Hover Effects -->\t\t\t\t<\/div>\n\t\t\t\t<\/div>\n\t\t\t\t\t<\/div>\n\t\t\t\t<\/div>\n\t\t\t\t<\/div>\n\t\t\n    <div class=\"xs_social_share_widget xs_share_url after_content \t\tmain_content  wslu-style-3 wslu-share-box-shaped wslu-fill-brand-hover-colored wslu-share-m-5 wslu-none wslu-share-horizontal wslu-theme-font-yes wslu-main_content\">\n\n\t\t\n        <ul>\n\t\t\t        <\/ul>\n    <\/div>","protected":false},"excerpt":{"rendered":"<p>Fast English Game Rapid-fire vocabulary practice to boost your English skills Facebook Twitter LinkedIn Learning Objectives How to Play Tips for Success &#x1f3af; Expand your English vocabulary quickly &#x1f9e0; Improve word-image association skills &#x1f442; Enhance listening comprehension &#x26a1; Develop quick &hellip; <\/p>","protected":false},"author":1,"featured_media":0,"parent":17402,"menu_order":0,"comment_status":"open","ping_status":"closed","template":"","meta":{"pmpro_default_level":"","_monsterinsights_skip_tracking":false,"_monsterinsights_sitenote_active":false,"_monsterinsights_sitenote_note":"","_monsterinsights_sitenote_category":0,"footnotes":""},"class_list":["post-17840","page","type-page","status-publish","hentry","pmpro-has-access"],"aioseo_notices":[],"_links":{"self":[{"href":"https:\/\/beespokesol.com\/vi\/wp-json\/wp\/v2\/pages\/17840","targetHints":{"allow":["GET"]}}],"collection":[{"href":"https:\/\/beespokesol.com\/vi\/wp-json\/wp\/v2\/pages"}],"about":[{"href":"https:\/\/beespokesol.com\/vi\/wp-json\/wp\/v2\/types\/page"}],"author":[{"embeddable":true,"href":"https:\/\/beespokesol.com\/vi\/wp-json\/wp\/v2\/users\/1"}],"replies":[{"embeddable":true,"href":"https:\/\/beespokesol.com\/vi\/wp-json\/wp\/v2\/comments?post=17840"}],"version-history":[{"count":7,"href":"https:\/\/beespokesol.com\/vi\/wp-json\/wp\/v2\/pages\/17840\/revisions"}],"predecessor-version":[{"id":18272,"href":"https:\/\/beespokesol.com\/vi\/wp-json\/wp\/v2\/pages\/17840\/revisions\/18272"}],"up":[{"embeddable":true,"href":"https:\/\/beespokesol.com\/vi\/wp-json\/wp\/v2\/pages\/17402"}],"wp:attachment":[{"href":"https:\/\/beespokesol.com\/vi\/wp-json\/wp\/v2\/media?parent=17840"}],"curies":[{"name":"wp","href":"https:\/\/api.w.org\/{rel}","templated":true}]}}